{"id":47,"date":"2015-04-11T18:21:08","date_gmt":"2015-04-11T16:21:08","guid":{"rendered":"http:\/\/www.aniauczy.pl\/?page_id=47"},"modified":"2015-06-13T23:02:49","modified_gmt":"2015-06-13T21:02:49","slug":"historia-3","status":"publish","type":"page","link":"https:\/\/www.aniauczy.pl\/?page_id=47","title":{"rendered":"Historia"},"content":{"rendered":"<p>Jak uczy\u0107 historii?<\/p>\n<p>Na stronie pojawiaj\u0105 si\u0119 wpisy opisuj\u0105ce konkretne pomys\u0142y.<\/p>\n<p>Poni\u017cej przedstawiam og\u00f3lne za\u0142o\u017cenia, wed\u0142ug mnie, kluczowe w uczeniu historii.<\/p>\n<p><strong>1. PODZIA\u0141 PRZEKAZYWANEJ WIEDZY NA MA\u0141E CZ\u0118\u015aCI<\/strong><\/p>\n<p><a href=\"http:\/\/www.aniauczy.pl\/wp-content\/uploads\/2015\/05\/2015-04-14_17-57_DSC_1477.jpg\"><img loading=\"lazy\" decoding=\"async\" class=\"alignnone size-thumbnail wp-image-342\" src=\"http:\/\/www.aniauczy.pl\/wp-content\/uploads\/2015\/05\/2015-04-14_17-57_DSC_1477-150x150.jpg\" alt=\"krolowie piastowie\" width=\"150\" height=\"150\" \/><\/a>\u00a0<a href=\"http:\/\/www.aniauczy.pl\/wp-content\/uploads\/2015\/04\/2015-04-30_23-21_DSC_2191.jpg\"><img loading=\"lazy\" decoding=\"async\" class=\"alignnone size-thumbnail wp-image-586\" src=\"http:\/\/www.aniauczy.pl\/wp-content\/uploads\/2015\/04\/2015-04-30_23-21_DSC_2191-150x150.jpg\" alt=\"Pobiedziska wycinanie \" width=\"150\" height=\"150\" \/><\/a><\/p>\n<p>Wszystkie informacje mo\u017cna przedstawi\u0107 <strong>fragmentami<\/strong>.<\/p>\n<p>Np. ucz\u0105c o kr\u00f3lach mo\u017cna zacz\u0105\u0107 od kilku i dopiero po wielokrotnym \u0107wiczeniu przej\u015b\u0107 do nauki nast\u0119pnych.<\/p>\n<p>Mo\u017cna te\u017c stosowa\u0107 rozmaite podzia\u0142y, np. wed\u0142ug dynastii czy wed\u0142ug miejsca koronacji.<\/p>\n<p>Nie w tej samej mierze co w innych dzia\u0142ach, ale tu r\u00f3wnie\u017c, mo\u017cna stosowa\u0107 <strong>lekcj\u0119 tr\u00f3jstopniow\u0105<\/strong> do uczenia nazw rzeczy.<\/p>\n<p>Pierwszym jej etapem jest pokazanie kolejno 3 przedmiot\u00f3w lub obrazk\u00f3w i jednoczesne nazwanie ich.<\/p>\n<p>Drugi etap to pytania typu: &#8222;Gdzie jest &#8230;?&#8221;, &#8222;Podaj mi, prosz\u0119, &#8230; .&#8221;<\/p>\n<p>Trzecim etapem jest pro\u015bba o nazwanie kolejno przedmiot\u00f3w.<\/p>\n<p>Nast\u0119pnym razem mo\u017cna przedstawi\u0107 kolejne 3 rzeczy.<\/p>\n<p><strong>2. STWORZENIE SYTUACJI, W KT\u00d3REJ KA\u017bD\u0104 Z NAUCZONYCH CZ\u0118\u015aCI MO\u017bNA WIELOKROTNIE POWTARZA\u0106<\/strong><\/p>\n<p><a href=\"http:\/\/www.aniauczy.pl\/wp-content\/uploads\/2015\/04\/peksowebrzyzkoodreczne.jpg\"><img loading=\"lazy\" decoding=\"async\" class=\"alignnone size-medium wp-image-20\" src=\"http:\/\/www.aniauczy.pl\/wp-content\/uploads\/2015\/04\/peksowebrzyzkoodreczne-300x199.jpg\" alt=\"peksowebrzyzkoodreczne\" width=\"300\" height=\"199\" srcset=\"https:\/\/www.aniauczy.pl\/wp-content\/uploads\/2015\/04\/peksowebrzyzkoodreczne-300x199.jpg 300w, https:\/\/www.aniauczy.pl\/wp-content\/uploads\/2015\/04\/peksowebrzyzkoodreczne-1024x680.jpg 1024w\" sizes=\"auto, (max-width: 300px) 100vw, 300px\" \/><\/a><\/p>\n<p>Mo\u017cna wykorzysta\u0107 rozmaite <strong>gry<\/strong> oraz <strong>zach\u0119ca\u0107 do opowiedzenia innym<\/strong> czego samemu si\u0119 nauczy\u0142o.<\/p>\n<p><strong>3. WI\u0104ZANIE NOWYCH INFORMACJI Z WIEDZ\u0104 NABYT\u0104 WCZE\u015aNIEJ<\/strong><\/p>\n<p>Zaczynaj\u0105c temat mo\u017cna zapyta\u0107 co s\u0142uchacze wiedz\u0105 ju\u017c na ten temat albo czego si\u0119 spodziewaj\u0105.<\/p>\n<p>W przypadku historii danego miejsca mo\u017cna nawi\u0105za\u0107 do historii innego miejsca w tym samym okresie.<\/p>\n<p><strong>4. UTRZYMANIE ZAINTERESOWANIA UCZNIA<\/strong><\/p>\n<p>W zale\u017cno\u015bci od wieku motywacja mo\u017ce by\u0107 r\u00f3\u017cna &#8211; im m\u0142odsze dziecko tym <strong>atrakcyjno\u015b\u0107 przekazywania wiedzy<\/strong> jest istotniejsza.<\/p>\n<p><strong>Zobrazowanie my\u015bli<\/strong> jest zawsze skuteczne. Pomocne s\u0105 przedmioty, kt\u00f3re wi\u0105\u017c\u0105 si\u0119 z tematem, ale r\u00f3wnie\u017c obrazki i zdj\u0119cia.<\/p>\n<p><a href=\"http:\/\/www.aniauczy.pl\/wp-content\/uploads\/2015\/05\/2015-05-02_14-32_DSC_2582.jpg\"><img loading=\"lazy\" decoding=\"async\" class=\"alignnone size-thumbnail wp-image-383\" src=\"http:\/\/www.aniauczy.pl\/wp-content\/uploads\/2015\/05\/2015-05-02_14-32_DSC_2582-150x150.jpg\" alt=\"KARTA POBIEDZISKA\" width=\"150\" height=\"150\" \/><\/a><\/p>\n<p>Zainteresowanie mo\u017cna wzbudzi\u0107 r\u00f3wnie\u017c <strong>zadaj\u0105c pytania zamiast dawania prostej odpowiedzi<\/strong>.<\/p>\n<p>Skuteczne jest te\u017c <strong>przedstawianie dzieciom tematu, kt\u00f3ry je ciekawi<\/strong>, o czym mo\u017cna si\u0119 dowiedzie\u0107 <strong>obserwuj\u0105c dzieci<\/strong> lub pytaj\u0105c je wprost.<\/p>\n<p><strong>5. ZAPEWNIENIE STYMULUJ\u0104CEGO OTOCZENIA<\/strong><\/p>\n<p><strong>otaczanie dziecka ksi\u0105\u017ckami<\/strong> i innymi rzeczami zwi\u0105zanymi z tematem<\/p>\n<p><strong>organizowanie wycieczek<\/strong><\/p>\n<p><a href=\"http:\/\/www.aniauczy.pl\/wp-content\/uploads\/2015\/05\/2015-02-21_11-40_DSC_0038.jpg\"><img loading=\"lazy\" decoding=\"async\" class=\"alignnone size-thumbnail wp-image-511\" src=\"http:\/\/www.aniauczy.pl\/wp-content\/uploads\/2015\/05\/2015-02-21_11-40_DSC_0038-150x150.jpg\" alt=\"muzeum wojska polskiego\" width=\"150\" height=\"150\" \/><\/a>\u00a0<a href=\"http:\/\/www.aniauczy.pl\/wp-content\/uploads\/2015\/05\/2015-05-02_16-19_DSC_2775.jpg\"><img loading=\"lazy\" decoding=\"async\" class=\"alignnone size-thumbnail wp-image-392\" src=\"http:\/\/www.aniauczy.pl\/wp-content\/uploads\/2015\/05\/2015-05-02_16-19_DSC_2775-150x150.jpg\" alt=\"drzwi gnie\u017anie\u0144skie\" width=\"150\" height=\"150\" \/><\/a>\u00a0<a href=\"http:\/\/www.aniauczy.pl\/wp-content\/uploads\/2015\/05\/2015-05-01_16-58_DSC_2266.jpg\"><img loading=\"lazy\" decoding=\"async\" class=\"alignnone size-thumbnail wp-image-359\" src=\"http:\/\/www.aniauczy.pl\/wp-content\/uploads\/2015\/05\/2015-05-01_16-58_DSC_2266-150x150.jpg\" alt=\"Lubi\u0144\" width=\"150\" height=\"150\" \/><\/a><\/p>\n<p><strong>organizowanie spotka\u0144<\/strong> z osobami, kt\u00f3re maj\u0105 co\u015b wsp\u00f3lnego z danym tematem- specjalistami, ale i amatorami, kt\u00f3rzy interesuj\u0105 si\u0119 tematem albo wr\u00f3cili z ciekawej podr\u00f3\u017cy.<\/p>\n<p><a href=\"http:\/\/www.aniauczy.pl\/wp-content\/uploads\/2015\/05\/DSCN4191.jpg\">\u00a0<img loading=\"lazy\" decoding=\"async\" class=\"alignnone size-thumbnail wp-image-448\" src=\"http:\/\/www.aniauczy.pl\/wp-content\/uploads\/2015\/05\/DSCN4191-150x150.jpg\" alt=\"Arlon\" width=\"150\" height=\"150\" \/><\/a><\/p>\n<p>&nbsp;<\/p>\n<p>&nbsp;<\/p>\n","protected":false},"excerpt":{"rendered":"<p>Jak uczy\u0107 historii? Na stronie pojawiaj\u0105 si\u0119 wpisy opisuj\u0105ce konkretne pomys\u0142y. Poni\u017cej przedstawiam og\u00f3lne za\u0142o\u017cenia, wed\u0142ug mnie, kluczowe w uczeniu historii. 1. PODZIA\u0141 PRZEKAZYWANEJ WIEDZY NA MA\u0141E CZ\u0118\u015aCI \u00a0 Wszystkie informacje mo\u017cna przedstawi\u0107 fragmentami. Np. ucz\u0105c o kr\u00f3lach mo\u017cna zacz\u0105\u0107 od kilku i dopiero po wielokrotnym \u0107wiczeniu przej\u015b\u0107 do nauki nast\u0119pnych. Mo\u017cna te\u017c stosowa\u0107 rozmaite [&hellip;]<\/p>\n","protected":false},"author":1,"featured_media":0,"parent":0,"menu_order":0,"comment_status":"open","ping_status":"open","template":"","meta":{"footnotes":""},"class_list":["post-47","page","type-page","status-publish","hentry"],"_links":{"self":[{"href":"https:\/\/www.aniauczy.pl\/index.php?rest_route=\/wp\/v2\/pages\/47","targetHints":{"allow":["GET"]}}],"collection":[{"href":"https:\/\/www.aniauczy.pl\/index.php?rest_route=\/wp\/v2\/pages"}],"about":[{"href":"https:\/\/www.aniauczy.pl\/index.php?rest_route=\/wp\/v2\/types\/page"}],"author":[{"embeddable":true,"href":"https:\/\/www.aniauczy.pl\/index.php?rest_route=\/wp\/v2\/users\/1"}],"replies":[{"embeddable":true,"href":"https:\/\/www.aniauczy.pl\/index.php?rest_route=%2Fwp%2Fv2%2Fcomments&post=47"}],"version-history":[{"count":5,"href":"https:\/\/www.aniauczy.pl\/index.php?rest_route=\/wp\/v2\/pages\/47\/revisions"}],"predecessor-version":[{"id":1061,"href":"https:\/\/www.aniauczy.pl\/index.php?rest_route=\/wp\/v2\/pages\/47\/revisions\/1061"}],"wp:attachment":[{"href":"https:\/\/www.aniauczy.pl\/index.php?rest_route=%2Fwp%2Fv2%2Fmedia&parent=47"}],"curies":[{"name":"wp","href":"https:\/\/api.w.org\/{rel}","templated":true}]}}