{"id":275,"date":"2015-05-05T00:04:39","date_gmt":"2015-05-04T22:04:39","guid":{"rendered":"http:\/\/www.aniauczy.pl\/?page_id=275"},"modified":"2015-05-18T01:22:02","modified_gmt":"2015-05-17T23:22:02","slug":"plastyka-i-sztuka","status":"publish","type":"page","link":"https:\/\/www.aniauczy.pl\/?page_id=275","title":{"rendered":"Plastyka i sztuka"},"content":{"rendered":"<p>Sztuk\u0119 mo\u017cna tworzy\u0107 lub ogl\u0105da\u0107.<\/p>\n<p>Warto robi\u0107 i to i to. Powod\u00f3w jest wiele.<\/p>\n<p>Jakie zalety ma sztuka i plastyka?<\/p>\n<p>1. \u00a0ROZWIJA <strong>WYOBRA\u0179NI\u0118<\/strong>.<\/p>\n<p>2. WSPOMAGA <strong>KREATYWNO\u015a\u0106<\/strong>.<\/p>\n<p>3. UCZY <strong>ANALIZY I OBSERWACJI<\/strong>.<\/p>\n<p>Obraz mo\u017ce wywo\u0142a\u0107 r\u00f3\u017cne procesy my\u015blowe: mo\u017cemy rozwa\u017ca\u0107 czy nam si\u0119 podoba, czy nie i dlaczego, czemu kto\u015b namalowa\u0142 go w taki spos\u00f3b, co naprawd\u0119 przedstawia, co kryje tylny plan?<\/p>\n<p><img loading=\"lazy\" decoding=\"async\" class=\"alignnone size-thumbnail wp-image-519\" src=\"http:\/\/www.aniauczy.pl\/wp-content\/uploads\/2015\/05\/2015-04-18_11-39_DSC_1640-150x150.jpg\" alt=\"OLGA BOZNANSKA\" width=\"150\" height=\"150\" \/>\u00a0<a href=\"http:\/\/www.aniauczy.pl\/wp-content\/uploads\/2015\/05\/2015-04-18_12-40_DSC_1724.jpg\"><img loading=\"lazy\" decoding=\"async\" class=\"alignnone size-thumbnail wp-image-536\" src=\"http:\/\/www.aniauczy.pl\/wp-content\/uploads\/2015\/05\/2015-04-18_12-40_DSC_1724-150x150.jpg\" alt=\"J\u00f3zef Pankiewicz\" width=\"150\" height=\"150\" srcset=\"https:\/\/www.aniauczy.pl\/wp-content\/uploads\/2015\/05\/2015-04-18_12-40_DSC_1724-150x150.jpg 150w, https:\/\/www.aniauczy.pl\/wp-content\/uploads\/2015\/05\/2015-04-18_12-40_DSC_1724-598x600.jpg 598w\" sizes=\"auto, (max-width: 150px) 100vw, 150px\" \/><\/a><\/p>\n<p>4. UCZY <strong>SKUPIENIA UWAGI<\/strong>.<\/p>\n<p>Przy analizie dzie\u0142a sztuki konieczne jest skoncentrowanie si\u0119 na nim.<\/p>\n<p>Podobnie przy tworzeniu, kt\u00f3re bardzo cz\u0119sto wi\u0105\u017ce si\u0119 ze skupieniem uwagi na swojej pracy.<\/p>\n<p><img loading=\"lazy\" decoding=\"async\" class=\"alignnone size-thumbnail wp-image-408\" src=\"http:\/\/www.aniauczy.pl\/wp-content\/uploads\/2015\/05\/DSC02643-150x150.jpg\" alt=\"MALOWANIE SZYSZEK\" width=\"150\" height=\"150\" \/>\u00a0<img loading=\"lazy\" decoding=\"async\" class=\"alignnone size-thumbnail wp-image-513\" src=\"http:\/\/www.aniauczy.pl\/wp-content\/uploads\/2015\/05\/2015-04-18_10-39_DSC_1575-150x150.jpg\" alt=\"Olga Bozna\u0144ska\" width=\"150\" height=\"150\" srcset=\"https:\/\/www.aniauczy.pl\/wp-content\/uploads\/2015\/05\/2015-04-18_10-39_DSC_1575-150x150.jpg 150w, https:\/\/www.aniauczy.pl\/wp-content\/uploads\/2015\/05\/2015-04-18_10-39_DSC_1575-598x600.jpg 598w\" sizes=\"auto, (max-width: 150px) 100vw, 150px\" \/>\u00a0<img loading=\"lazy\" decoding=\"async\" class=\"alignnone  wp-image-404\" src=\"http:\/\/www.aniauczy.pl\/wp-content\/uploads\/2015\/05\/DSC_0529-199x300.jpg\" alt=\"rze\u017abienie\" width=\"99\" height=\"150\" srcset=\"https:\/\/www.aniauczy.pl\/wp-content\/uploads\/2015\/05\/DSC_0529-199x300.jpg 199w, https:\/\/www.aniauczy.pl\/wp-content\/uploads\/2015\/05\/DSC_0529.jpg 598w\" sizes=\"auto, (max-width: 99px) 100vw, 99px\" \/><\/p>\n<p>5. POMAGA <strong>WYRA\u017bA\u0106 UCZUCIA I JE ODKRYWA\u0106<\/strong>.<\/p>\n<p>Niekt\u00f3rzy widz\u0105 \u015bwiat obrazami. Cz\u0119sto dzieciom \u0142atwiej jest narysowa\u0107 co czuj\u0105 ni\u017c opowiedzie\u0107 o tym.<\/p>\n<p>W zwi\u0105zku z tym tak wa\u017cne jest aby dziecko za wcze\u015bnie nie odst\u0105pi\u0142o od tworzenia, widz\u0105c r\u00f3\u017cnice mi\u0119dzy pracami swoimi i swoich koleg\u00f3w, kt\u00f3rym \u0142atwiej przychodzi stworzy\u0107 co\u015b co si\u0119 podoba.<\/p>\n<p>R\u00f3wnie\u017c dyskusja na temat ju\u017c dzie\u0142 sztuki dotyka cz\u0119sto sfery emocji.<\/p>\n<p><img loading=\"lazy\" decoding=\"async\" class=\"alignnone size-thumbnail wp-image-503\" src=\"http:\/\/www.aniauczy.pl\/wp-content\/uploads\/2015\/05\/43poznanparkrzezbyAbakanowicz-150x150.jpg\" alt=\"ABAKANOWICZ\" width=\"150\" height=\"150\" \/><\/p>\n<p>6. UKAZUJE JAK<strong> R\u00d3\u017bNIE MO\u017bNA PATRZE\u0106 NA \u015aWIAT<\/strong>.<\/p>\n<p>\u017badne narysowane czy namalowane jab\u0142ko nie b\u0119dzie takie samo. Ka\u017cdy tworz\u0105c wk\u0142ada w swoj\u0105 prac\u0119 swoj\u0105 perspektyw\u0119. R\u00f3\u017cnorodno\u015b\u0107 przedstawienia jednej rzeczy pokazuje, \u017ce nikt nie jest taki sam.<\/p>\n<p>7. ROZWIJA <strong>SPRAWNO\u015a\u0106 MANUALN\u0104<\/strong>.<\/p>\n<p>Tworzenie rozwija sprawno\u015b\u0107 manualn\u0105 dziecka.<\/p>\n<p>Warto wi\u0119c dzieciom da\u0107 szans\u0119 rysowania, lepienia czy wycinania niezale\u017cnie od jako\u015bci powsta\u0142ych prac.<\/p>\n<p>R\u00f3wnie\u017c z tego powodu trzeba zrobi\u0107 wszystko, \u017ceby dziecko widz\u0105c lepsze wyniki u innych nie zniech\u0119ci\u0142o si\u0119 do plastyki.<\/p>\n<p><img loading=\"lazy\" decoding=\"async\" class=\"alignnone size-thumbnail wp-image-407\" src=\"http:\/\/www.aniauczy.pl\/wp-content\/uploads\/2015\/05\/DSC00937-150x150.jpg\" alt=\"MALOWANIE NA GAZECIE\" width=\"150\" height=\"150\" \/>\u00a0<img loading=\"lazy\" decoding=\"async\" class=\"alignnone size-thumbnail wp-image-431\" src=\"http:\/\/www.aniauczy.pl\/wp-content\/uploads\/2015\/05\/DSCN2644-150x150.jpg\" alt=\"MALOWANIE\" width=\"150\" height=\"150\" \/><\/p>\n<p>8. UKAZUJE, \u017bE <strong>DROBIAZGI MOG\u0104 MIE\u0106 DU\u017bE ZNACZENIE<\/strong>.<\/p>\n<p>Czasami jedna kreska zmienia nastr\u00f3j dzie\u0142a.<\/p>\n<p>U\u017cycie konkretnego odcienia r\u00f3wnie\u017c mo\u017ce zmieni\u0107 odbi\u00f3r.<\/p>\n<p>9. U\u0141ATWIA <strong>KONTAKT Z INNYMI LUD\u0179M<\/strong>I.<\/p>\n<p>S\u0142ynne dzie\u0142a sztuki s\u0105 cz\u0119\u015bci\u0105 wsp\u00f3lnej kultury i podobnie jak literatura s\u0105 u\u017cywane w komunikowaniu si\u0119 bez konieczno\u015bci wyt\u0142umaczenia. Mo\u017cna na przyk\u0142ad powiedzie\u0107, \u017ce &#8222;te piksele przywo\u0142uj\u0105 na my\u015bl impresjonizm&#8221;. M\u00f3wi si\u0119 te\u017c o kszta\u0142tach Rubensowskich albo o tajemniczym u\u015bmiechu Mona Lisy.<\/p>\n<p>Nie patrz\u0105c na konkretne obrazy mo\u017cemy dyskutowa\u0107 czy nam si\u0119 bardziej podoba Da Vinci czy Picasso. Jeden obraz\u00a0mo\u017ce si\u0119 podoba\u0107 dw\u00f3m osobom i mo\u017ce to spowodowa\u0107 odczucie blisko\u015bci mi\u0119dzy nimi.<\/p>\n<p>Umiej\u0119tno\u015b\u0107 narysowania prostych rzeczy pomaga z kolei w kontaktach z ma\u0142ymi dzie\u0107mi.<\/p>\n<p>Dzieci z regu\u0142y s\u0105 zachwycone kiedy widz\u0105 szybko powstaj\u0105cy obrazek, kt\u00f3ry mog\u0105 rozpozna\u0107.<\/p>\n<p>Na wyk\u0142adach dla doros\u0142ych stworzenie szybkiej ilustracji te\u017c mo\u017ce by\u0107 przydatne.<\/p>\n<p>Wsp\u00f3lne wizyty w muzeach r\u00f3wnie\u017c buduj\u0105 p\u0142aszczyzny porozumienia.<\/p>\n<p><img loading=\"lazy\" decoding=\"async\" class=\"alignnone size-thumbnail wp-image-510\" src=\"http:\/\/www.aniauczy.pl\/wp-content\/uploads\/2015\/05\/2015-01-23_18_07_DSC_8706-150x150.jpg\" alt=\"ANTONI RZ\u0104SA\" width=\"150\" height=\"150\" \/><\/p>\n<p>10. DAJE MO\u017bLIWO\u015a\u0106 WYKORZYSTANIA <strong>W WIELU DZIEDZINACH \u017bYCIA.<\/strong><\/p>\n<p>Wspomnia\u0142am ju\u017c o ilustrowaniu wyk\u0142ad\u00f3w i kontakcie z dzie\u0107mi.<\/p>\n<p>Poza tym, dzi\u0119ki piel\u0119gnowaniu umiej\u0119tno\u015bci tworzenia,<\/p>\n<p>mo\u017cna pi\u0119knie udekorowa\u0107 mazurka \u015bwi\u0105tecznego,<\/p>\n<p>pomalowa\u0107 pisanki,<\/p>\n<p>wyci\u0105\u0107 arbuza w malowniczy spos\u00f3b,<\/p>\n<p>zrobi\u0107 ciekawy zielnik, itd.<\/p>\n<p><a href=\"http:\/\/www.aniauczy.pl\/wp-content\/uploads\/2015\/05\/2015-05-07_13-01_DSC_2840.jpg\"><img loading=\"lazy\" decoding=\"async\" class=\"alignnone size-thumbnail wp-image-578\" src=\"http:\/\/www.aniauczy.pl\/wp-content\/uploads\/2015\/05\/2015-05-07_13-01_DSC_2840-150x150.jpg\" alt=\"wierzba\" width=\"150\" height=\"150\" \/><\/a>\u00a0\u00a0<img loading=\"lazy\" decoding=\"async\" class=\"alignnone size-thumbnail wp-image-288\" src=\"http:\/\/www.aniauczy.pl\/wp-content\/uploads\/2015\/05\/2015-05-04_17-54_DSC_2785-150x150.jpg\" alt=\"RYSOWANIE MYSZY\" width=\"150\" height=\"150\" \/>\u00a0<img loading=\"lazy\" decoding=\"async\" class=\"alignnone size-thumbnail wp-image-406\" src=\"http:\/\/www.aniauczy.pl\/wp-content\/uploads\/2015\/05\/DSC00574-150x150.jpg\" alt=\"DEKOROWANIE MAZURKOW\" width=\"150\" height=\"150\" \/><\/p>\n<p>&nbsp;<\/p>\n<p>&nbsp;<\/p>\n","protected":false},"excerpt":{"rendered":"<p>Sztuk\u0119 mo\u017cna tworzy\u0107 lub ogl\u0105da\u0107. Warto robi\u0107 i to i to. Powod\u00f3w jest wiele. Jakie zalety ma sztuka i plastyka? 1. \u00a0ROZWIJA WYOBRA\u0179NI\u0118. 2. WSPOMAGA KREATYWNO\u015a\u0106. 3. UCZY ANALIZY I OBSERWACJI. Obraz mo\u017ce wywo\u0142a\u0107 r\u00f3\u017cne procesy my\u015blowe: mo\u017cemy rozwa\u017ca\u0107 czy nam si\u0119 podoba, czy nie i dlaczego, czemu kto\u015b namalowa\u0142 go w taki spos\u00f3b, co [&hellip;]<\/p>\n","protected":false},"author":1,"featured_media":0,"parent":0,"menu_order":0,"comment_status":"open","ping_status":"open","template":"","meta":{"footnotes":""},"class_list":["post-275","page","type-page","status-publish","hentry"],"_links":{"self":[{"href":"https:\/\/www.aniauczy.pl\/index.php?rest_route=\/wp\/v2\/pages\/275","targetHints":{"allow":["GET"]}}],"collection":[{"href":"https:\/\/www.aniauczy.pl\/index.php?rest_route=\/wp\/v2\/pages"}],"about":[{"href":"https:\/\/www.aniauczy.pl\/index.php?rest_route=\/wp\/v2\/types\/page"}],"author":[{"embeddable":true,"href":"https:\/\/www.aniauczy.pl\/index.php?rest_route=\/wp\/v2\/users\/1"}],"replies":[{"embeddable":true,"href":"https:\/\/www.aniauczy.pl\/index.php?rest_route=%2Fwp%2Fv2%2Fcomments&post=275"}],"version-history":[{"count":6,"href":"https:\/\/www.aniauczy.pl\/index.php?rest_route=\/wp\/v2\/pages\/275\/revisions"}],"predecessor-version":[{"id":718,"href":"https:\/\/www.aniauczy.pl\/index.php?rest_route=\/wp\/v2\/pages\/275\/revisions\/718"}],"wp:attachment":[{"href":"https:\/\/www.aniauczy.pl\/index.php?rest_route=%2Fwp%2Fv2%2Fmedia&parent=275"}],"curies":[{"name":"wp","href":"https:\/\/api.w.org\/{rel}","templated":true}]}}