{"id":2574,"date":"2017-02-06T14:15:09","date_gmt":"2017-02-06T13:15:09","guid":{"rendered":"http:\/\/www.aniauczy.pl\/?page_id=2574"},"modified":"2020-09-12T16:06:29","modified_gmt":"2020-09-12T14:06:29","slug":"sklep","status":"publish","type":"page","link":"https:\/\/www.aniauczy.pl\/?page_id=2574","title":{"rendered":"SKLEP"},"content":{"rendered":"<p>GUZIKOWA MAPA POLSKI ORAZ CIA\u0141O LUDZKIE Z FILCU<\/p>\n<p>DOST\u0118PNE S\u0104 NA STRONIE: www.szyciemontessori.pl<\/p>\n<p>POMOCE SUZUKI dost\u0119pne s\u0105 NA STRONIE: www.sklepeo.com<\/p>\n<p>JE\u015aLI KTO\u015a JEST ZAINTERESOWANY INNYM PRODUKTEM ZNAJDUJ\u0104CYM SI\u0118 NA MOIM BLOGU, PROSZ\u0118 O KONTAKT W RAMACH KOMENTARZA DO DANEJ POMOCY.<\/p>\n<div id=\"widget_bd_58bea15a9eb2f\"><\/div>\n","protected":false},"excerpt":{"rendered":"<p>GUZIKOWA MAPA POLSKI ORAZ CIA\u0141O LUDZKIE Z FILCU DOST\u0118PNE S\u0104 NA STRONIE: www.szyciemontessori.pl POMOCE SUZUKI dost\u0119pne s\u0105 NA STRONIE: www.sklepeo.com JE\u015aLI KTO\u015a JEST ZAINTERESOWANY INNYM PRODUKTEM ZNAJDUJ\u0104CYM SI\u0118 NA MOIM BLOGU, PROSZ\u0118 O KONTAKT W RAMACH KOMENTARZA DO DANEJ POMOCY.<\/p>\n","protected":false},"author":1,"featured_media":0,"parent":0,"menu_order":0,"comment_status":"closed","ping_status":"closed","template":"","meta":{"footnotes":""},"class_list":["post-2574","page","type-page","status-publish","hentry"],"_links":{"self":[{"href":"https:\/\/www.aniauczy.pl\/index.php?rest_route=\/wp\/v2\/pages\/2574","targetHints":{"allow":["GET"]}}],"collection":[{"href":"https:\/\/www.aniauczy.pl\/index.php?rest_route=\/wp\/v2\/pages"}],"about":[{"href":"https:\/\/www.aniauczy.pl\/index.php?rest_route=\/wp\/v2\/types\/page"}],"author":[{"embeddable":true,"href":"https:\/\/www.aniauczy.pl\/index.php?rest_route=\/wp\/v2\/users\/1"}],"replies":[{"embeddable":true,"href":"https:\/\/www.aniauczy.pl\/index.php?rest_route=%2Fwp%2Fv2%2Fcomments&post=2574"}],"version-history":[{"count":8,"href":"https:\/\/www.aniauczy.pl\/index.php?rest_route=\/wp\/v2\/pages\/2574\/revisions"}],"predecessor-version":[{"id":3281,"href":"https:\/\/www.aniauczy.pl\/index.php?rest_route=\/wp\/v2\/pages\/2574\/revisions\/3281"}],"wp:attachment":[{"href":"https:\/\/www.aniauczy.pl\/index.php?rest_route=%2Fwp%2Fv2%2Fmedia&parent=2574"}],"curies":[{"name":"wp","href":"https:\/\/api.w.org\/{rel}","templated":true}]}}