{"id":125,"date":"2015-04-19T12:37:17","date_gmt":"2015-04-19T10:37:17","guid":{"rendered":"http:\/\/www.aniauczy.pl\/?page_id=125"},"modified":"2015-05-15T00:18:21","modified_gmt":"2015-05-14T22:18:21","slug":"muzyka","status":"publish","type":"page","link":"https:\/\/www.aniauczy.pl\/?page_id=125","title":{"rendered":"Muzyka"},"content":{"rendered":"<p>Muzyka pe\u0142ni r\u00f3\u017cne funkcje.<\/p>\n<p>Muzyka pomaga w <strong>wyra\u017caniu uczu\u0107<\/strong>.<\/p>\n<p>Jest wi\u0119c \u015bwietna zar\u00f3wno przy wielkiej rado\u015bci, jak i w z\u0142o\u015bci czy \u017calu.<\/p>\n<p>Pomaga wy\u0142adowa\u0107 nagromadzone emocje.<\/p>\n<p><img loading=\"lazy\" decoding=\"async\" class=\"alignnone size-thumbnail wp-image-649\" src=\"http:\/\/www.aniauczy.pl\/wp-content\/uploads\/2015\/04\/DSCN1603-150x150.jpg\" alt=\"gra na pianinie\" width=\"150\" height=\"150\" \/>\u00a0<img loading=\"lazy\" decoding=\"async\" class=\"alignnone size-thumbnail wp-image-612\" src=\"http:\/\/www.aniauczy.pl\/wp-content\/uploads\/2015\/04\/2010-06-10_20-47_DSC_2456-150x150.jpg\" alt=\"2010-06-10_20-47_DSC_2456\" width=\"150\" height=\"150\" \/>\u00a0<img loading=\"lazy\" decoding=\"async\" class=\"alignnone size-thumbnail wp-image-610\" src=\"http:\/\/www.aniauczy.pl\/wp-content\/uploads\/2015\/04\/2010-01-19_17-54_DSC_4747-150x150.jpg\" alt=\"na gitarze\" width=\"150\" height=\"150\" \/>\u00a0<a href=\"http:\/\/www.aniauczy.pl\/wp-content\/uploads\/2015\/04\/2012-12-17_16-07_DSC_7185.jpg\"><img loading=\"lazy\" decoding=\"async\" class=\"alignnone size-thumbnail wp-image-653\" src=\"http:\/\/www.aniauczy.pl\/wp-content\/uploads\/2015\/04\/2012-12-17_16-07_DSC_7185-150x150.jpg\" alt=\"gra na pianinie w kurtce\" width=\"150\" height=\"150\" \/><\/a><\/p>\n<p>Muzyka uruchamia praw\u0105 p\u00f3\u0142kul\u0119 m\u00f3zgow\u0105 odpowiedzialn\u0105 r\u00f3wnie\u017c za\u00a0<strong>kreatywno\u015b\u0107<\/strong>.<\/p>\n<p>Muzyka pomaga w <strong>zapami\u0119tywaniu fakt\u00f3w<\/strong>.<\/p>\n<p>O ile\u017c \u0142atwiej przyswoi\u0107 s\u0142owa piosenki ni\u017c zwyk\u0142y tekst, nawet pisany wierszem.<\/p>\n<p>Gra na instrumencie <strong>ubogaca i uszlachetnia<\/strong> jeszcze bardziej.<\/p>\n<p>Codzienne \u0107wiczenia ucz\u0105<strong> systematyczno\u015bci<\/strong>.<\/p>\n<p>Trening muzyczny zwi\u0105zany jest te\u017c z <strong>koncentracj\u0105<\/strong>.<\/p>\n<p>Gra wymaga skupienia na wielu elementach: melodia, dynamika, techniczne trzymanie instrumentu lub uderzanie w klawisze.<\/p>\n<p>W przypadku niekt\u00f3rych instrument\u00f3w, np. pianina dwie r\u0119ce graj\u0105 co\u015b innego.<\/p>\n<p>Zagra\u0107 z nut r\u00f3wnie\u017c nie da si\u0119 bez koncentracji.<\/p>\n<p><a href=\"http:\/\/www.aniauczy.pl\/wp-content\/uploads\/2015\/04\/2015-04-14_17-44_DSC_1449.jpg\"><img loading=\"lazy\" decoding=\"async\" class=\"alignnone size-thumbnail wp-image-650\" src=\"http:\/\/www.aniauczy.pl\/wp-content\/uploads\/2015\/04\/2015-04-14_17-44_DSC_1449-150x150.jpg\" alt=\"granie z nut\" width=\"150\" height=\"150\" \/><\/a>\u00a0<a href=\"http:\/\/www.aniauczy.pl\/wp-content\/uploads\/2015\/04\/2015-01-03_18-21_DSC_73721.jpg\"><img loading=\"lazy\" decoding=\"async\" class=\"alignnone size-thumbnail wp-image-626\" src=\"http:\/\/www.aniauczy.pl\/wp-content\/uploads\/2015\/04\/2015-01-03_18-21_DSC_73721-150x150.jpg\" alt=\"gra na pianinie\" width=\"150\" height=\"150\" \/><\/a><\/p>\n<p>Samo czytanie nut jest <strong>zadaniem matematycznym<\/strong>.<\/p>\n<p>Gra na instrumencie z regu\u0142y wspomaga te\u017c <strong>kontakty z innymi.<\/strong><\/p>\n<p><img loading=\"lazy\" decoding=\"async\" class=\"alignnone size-thumbnail wp-image-622\" src=\"http:\/\/www.aniauczy.pl\/wp-content\/uploads\/2015\/04\/2013-12-13_21-10_DSC_3552-150x150.jpg\" alt=\"gra na skrzypcach\" width=\"150\" height=\"150\" \/>\u00a0<a href=\"http:\/\/www.aniauczy.pl\/wp-content\/uploads\/2015\/04\/2011-04-02_15-44_DSC_5259.jpg\"><img loading=\"lazy\" decoding=\"async\" class=\"alignnone size-thumbnail wp-image-655\" src=\"http:\/\/www.aniauczy.pl\/wp-content\/uploads\/2015\/04\/2011-04-02_15-44_DSC_5259-150x150.jpg\" alt=\"gra na pianinie\" width=\"150\" height=\"150\" srcset=\"https:\/\/www.aniauczy.pl\/wp-content\/uploads\/2015\/04\/2011-04-02_15-44_DSC_5259-150x150.jpg 150w, https:\/\/www.aniauczy.pl\/wp-content\/uploads\/2015\/04\/2011-04-02_15-44_DSC_5259-598x600.jpg 598w\" sizes=\"auto, (max-width: 150px) 100vw, 150px\" \/><\/a>\u00a0<img loading=\"lazy\" decoding=\"async\" class=\"alignnone size-thumbnail wp-image-621\" src=\"http:\/\/www.aniauczy.pl\/wp-content\/uploads\/2015\/04\/2013-09-20_15-10_DSC_9828-150x150.jpg\" alt=\"gra na pianinie z maluchem\" width=\"150\" height=\"150\" \/>\u00a0<a href=\"http:\/\/www.aniauczy.pl\/wp-content\/uploads\/2015\/04\/P9111840.jpg\"><img loading=\"lazy\" decoding=\"async\" class=\"alignnone  wp-image-646\" src=\"http:\/\/www.aniauczy.pl\/wp-content\/uploads\/2015\/04\/P9111840-300x225.jpg\" alt=\"cymba\u0142ki\" width=\"198\" height=\"149\" srcset=\"https:\/\/www.aniauczy.pl\/wp-content\/uploads\/2015\/04\/P9111840-300x225.jpg 300w, https:\/\/www.aniauczy.pl\/wp-content\/uploads\/2015\/04\/P9111840-1024x768.jpg 1024w, https:\/\/www.aniauczy.pl\/wp-content\/uploads\/2015\/04\/P9111840-800x600.jpg 800w, https:\/\/www.aniauczy.pl\/wp-content\/uploads\/2015\/04\/P9111840.jpg 1200w\" sizes=\"auto, (max-width: 198px) 100vw, 198px\" \/><\/a><\/p>\n<p>Dzieci mog\u0105 gra\u0107 innym, zar\u00f3wno bliskim w domu, jak i przed szerszym audytorium.<\/p>\n<p>Z czasem zaczyna si\u0119 te\u017c <strong>wsp\u00f3lne muzykowanie<\/strong>.<\/p>\n<p><img loading=\"lazy\" decoding=\"async\" class=\"alignnone size-thumbnail wp-image-628\" src=\"http:\/\/www.aniauczy.pl\/wp-content\/uploads\/2015\/04\/DSCN1293-150x150.jpg\" alt=\"duet\" width=\"150\" height=\"150\" \/>\u00a0<a href=\"http:\/\/www.aniauczy.pl\/wp-content\/uploads\/2015\/04\/2013-06-23_12-54_DSC_4018.jpg\"><img loading=\"lazy\" decoding=\"async\" class=\"alignnone size-thumbnail wp-image-651\" src=\"http:\/\/www.aniauczy.pl\/wp-content\/uploads\/2015\/04\/2013-06-23_12-54_DSC_4018-150x150.jpg\" alt=\"2013-06-23_12-54_DSC_4018\" width=\"150\" height=\"150\" \/><\/a>\u00a0<a href=\"http:\/\/www.aniauczy.pl\/wp-content\/uploads\/2015\/04\/2012-12-28_20-05_DSC_7484.jpg\"><img loading=\"lazy\" decoding=\"async\" class=\"alignnone  wp-image-654\" src=\"http:\/\/www.aniauczy.pl\/wp-content\/uploads\/2015\/04\/2012-12-28_20-05_DSC_7484-300x199.jpg\" alt=\"wsp\u00f3lna gra\" width=\"228\" height=\"151\" srcset=\"https:\/\/www.aniauczy.pl\/wp-content\/uploads\/2015\/04\/2012-12-28_20-05_DSC_7484-300x199.jpg 300w, https:\/\/www.aniauczy.pl\/wp-content\/uploads\/2015\/04\/2012-12-28_20-05_DSC_7484-1024x680.jpg 1024w, https:\/\/www.aniauczy.pl\/wp-content\/uploads\/2015\/04\/2012-12-28_20-05_DSC_7484.jpg 1355w\" sizes=\"auto, (max-width: 228px) 100vw, 228px\" \/><\/a><\/p>\n<p>Koncerty s\u0105 \u015bwietn\u0105 form\u0105 <strong>\u0107wiczeniem wyst\u0119powania przed innymi<\/strong>.<\/p>\n<p><a href=\"http:\/\/www.aniauczy.pl\/wp-content\/uploads\/2015\/04\/2012-06-19_18-51_DSC_4116.jpg\"><img loading=\"lazy\" decoding=\"async\" class=\"alignnone size-thumbnail wp-image-616\" src=\"http:\/\/www.aniauczy.pl\/wp-content\/uploads\/2015\/04\/2012-06-19_18-51_DSC_4116-150x150.jpg\" alt=\"koncert pianino\" width=\"150\" height=\"150\" \/><\/a>\u00a0<a href=\"http:\/\/www.aniauczy.pl\/wp-content\/uploads\/2015\/04\/2014-04-05_14-58_DSC_6954.jpg\"><img loading=\"lazy\" decoding=\"async\" class=\"alignnone size-thumbnail wp-image-652\" src=\"http:\/\/www.aniauczy.pl\/wp-content\/uploads\/2015\/04\/2014-04-05_14-58_DSC_6954-150x150.jpg\" alt=\"koncert pianino\" width=\"150\" height=\"150\" srcset=\"https:\/\/www.aniauczy.pl\/wp-content\/uploads\/2015\/04\/2014-04-05_14-58_DSC_6954-150x150.jpg 150w, https:\/\/www.aniauczy.pl\/wp-content\/uploads\/2015\/04\/2014-04-05_14-58_DSC_6954-598x600.jpg 598w\" sizes=\"auto, (max-width: 150px) 100vw, 150px\" \/><\/a><\/p>\n<p><strong>Metoda Suzuki<\/strong>\u00a0 jest metod\u0105 nauki gry na instrumentach i ma by\u0107 podobna do nauki j\u0119zyka ojczystego.<\/p>\n<p><img loading=\"lazy\" decoding=\"async\" class=\"alignnone size-thumbnail wp-image-630\" src=\"http:\/\/www.aniauczy.pl\/wp-content\/uploads\/2015\/04\/Negative0-02-021-150x150.jpg\" alt=\"gra na pianinie\" width=\"150\" height=\"150\" \/>\u00a0<a href=\"http:\/\/www.aniauczy.pl\/wp-content\/uploads\/2015\/04\/03-Rafal-i-Janek-graja-2-26-01-04.jpg\"><img loading=\"lazy\" decoding=\"async\" class=\"alignnone  wp-image-608\" src=\"http:\/\/www.aniauczy.pl\/wp-content\/uploads\/2015\/04\/03-Rafal-i-Janek-graja-2-26-01-04-200x300.jpg\" alt=\"Dzieci graj\u0105 na pianinie\" width=\"101\" height=\"152\" srcset=\"https:\/\/www.aniauczy.pl\/wp-content\/uploads\/2015\/04\/03-Rafal-i-Janek-graja-2-26-01-04-200x300.jpg 200w, https:\/\/www.aniauczy.pl\/wp-content\/uploads\/2015\/04\/03-Rafal-i-Janek-graja-2-26-01-04.jpg 599w\" sizes=\"auto, (max-width: 101px) 100vw, 101px\" \/><\/a><\/p>\n<p>Bliscy cierpliwie m\u00f3wi\u0105 do dziecka, powtarzaj\u0105c wiele razy proste wyrazy i zdania opisuj\u0105ce najbli\u017csze otoczenie.<\/p>\n<p>Kiedy dziecko zacznie ju\u017c m\u00f3wi\u0107 nie jest karane za b\u0142\u0119dy, natomiast wielk\u0105 rado\u015bci\u0105 nagradzane s\u0105 wszelkie pr\u00f3by artykulacji s\u0142\u00f3w.<\/p>\n<p>Podobnie jak z mow\u0105, dziecko zaczynaj\u0105ce nauk\u0119 gry na instrumencie ma <strong>na\u015bladowa\u0107 graj\u0105cego doros\u0142ego oraz docelowo graj\u0105c\u0105 p\u0142yt\u0119 z przygotowan\u0105 muzyk\u0105<\/strong>, kt\u00f3rej regularnie s\u0142ucha.<\/p>\n<p>Tym doros\u0142ym jest zar\u00f3wno nauczyciel, jak i rodzic, kt\u00f3rego zadaniem jest opanowanie podstaw gry na danym instrumencie, aby m\u00f3g\u0142 by\u0107 wzorem dla swego dziecka w domu.<\/p>\n<p><strong>W przyjaznej atmosferze<\/strong>, kt\u00f3ra ma towarzyszy\u0107 dzieciom ucz\u0105cym si\u0119 wed\u0142ug metody Suzuki, uczniowie robi\u0105 szybkie post\u0119py i to wzmacnia ich poczucie w\u0142asnej warto\u015bci.<\/p>\n<p><strong>Ka\u017cdy mo\u017ce uczy\u0107 si\u0119 gra\u0107 metod\u0105 Suzuki<\/strong>; nie jest ona zarezerwowana tylko dla wyj\u0105tkowych talent\u00f3w.<\/p>\n<p>To co uj\u0119\u0142o mnie w tej metodzie to pr\u00f3ba <strong>przekazywania wiadomo\u015bci na poziomie danego ucznia<\/strong>.<\/p>\n<p>Zamiast m\u00f3wi\u0107 enigmatyczne dla dziecka: &#8222;Trzymaj r\u0119k\u0119 tak jak ja!&#8221;,<\/p>\n<p>dziecko graj\u0105ce na pianinie ma szans\u0119 us\u0142ysze\u0107:<\/p>\n<p>&#8222;Teraz palcami zrzucamy grosiki z klawiszy.&#8221; albo &#8222;Zamiatamy klawisze.&#8221; i r\u0119ka sama musi dobrze si\u0119 u\u0142o\u017cy\u0107.<\/p>\n<p>Dziecko graj\u0105ce na skrzypcach mo\u017ce us\u0142ysze\u0107 histori\u0119 o ksi\u0119\u017cniczkach i o kr\u00f3lu, kt\u00f3ry nie chce zgnie\u015b\u0107 swego kota.<\/p>\n<p>Znaj\u0105c wszystkie szczeg\u00f3\u0142y opowie\u015bci r\u0119ka po prostu nie ma wyj\u015bcia i musi dobrze le\u017ce\u0107 na smyczku.<\/p>\n<p>Ponadto ka\u017cdy <strong>utw\u00f3r dzielony jest na fragmenty<\/strong>. Dzieci \u0107wicz\u0105 trudniejsze cz\u0105stki danego utworu zanim zaczn\u0105 gra\u0107 go od pocz\u0105tku do ko\u0144ca.<\/p>\n<p>By\u0142 taki moment w mojej przygodzie z metod\u0105 Suzuki, kiedy upewni\u0142am si\u0119, \u017ce to \u015bwietny wyb\u00f3r.<\/p>\n<p>Nauczyciel prosi\u0142 o zagranie fragmentu utworu, a uczniowi nie wychodzi\u0142o.<\/p>\n<p>W\u00f3wczas nauczyciel poprosi\u0142 o zagranie tylko linii.<\/p>\n<p>Dziecko znowu ponios\u0142o pora\u017ck\u0119.<\/p>\n<p>Wtedy nauczyciel spokojnie poprosi\u0142 o zagranie dw\u00f3ch takt\u00f3w, potem jednego i w ko\u0144cu doszed\u0142 do jednej nuty.<\/p>\n<p>Kiedy to si\u0119 uda\u0142o z rado\u015bci\u0105 powiedzia\u0142: &#8222;Skoro jedna nuta wysz\u0142a to dwie te\u017c wyjd\u0105!&#8221;<\/p>\n<p>I tym sposobem nauczyciel z uczniem w atmosferze sukcesu doszli do d\u0142u\u017cszej cz\u0119\u015bci utworu.<\/p>\n<p>&nbsp;<\/p>\n<p><strong>MOTYWACJA DO GRY:<\/strong><\/p>\n<p>Widz\u0119 trzy g\u0142\u00f3wne czynniki\u00a0motywuj\u0105ce dzieci do gry:<\/p>\n<p>1.\u00a0Wyra\u017anie post\u0119py i satysfakcja z wykonywania utwor\u00f3w;<\/p>\n<p>2. Pozytywna atmosfera zwi\u0105zana z instrumentem i \u0107wiczeniami;<\/p>\n<p>3. Inspiruj\u0105ce otoczenie;<\/p>\n<p>Wi\u0119cej o motywacji w szczeg\u00f3\u0142owych wpisach.<\/p>\n<p>&nbsp;<\/p>\n<p>&nbsp;<\/p>\n<p>&nbsp;<\/p>\n","protected":false},"excerpt":{"rendered":"<p>Muzyka pe\u0142ni r\u00f3\u017cne funkcje. Muzyka pomaga w wyra\u017caniu uczu\u0107. Jest wi\u0119c \u015bwietna zar\u00f3wno przy wielkiej rado\u015bci, jak i w z\u0142o\u015bci czy \u017calu. Pomaga wy\u0142adowa\u0107 nagromadzone emocje. \u00a0\u00a0\u00a0 Muzyka uruchamia praw\u0105 p\u00f3\u0142kul\u0119 m\u00f3zgow\u0105 odpowiedzialn\u0105 r\u00f3wnie\u017c za\u00a0kreatywno\u015b\u0107. Muzyka pomaga w zapami\u0119tywaniu fakt\u00f3w. O ile\u017c \u0142atwiej przyswoi\u0107 s\u0142owa piosenki ni\u017c zwyk\u0142y tekst, nawet pisany wierszem. Gra na instrumencie [&hellip;]<\/p>\n","protected":false},"author":1,"featured_media":0,"parent":0,"menu_order":0,"comment_status":"open","ping_status":"open","template":"","meta":{"footnotes":""},"class_list":["post-125","page","type-page","status-publish","hentry"],"_links":{"self":[{"href":"https:\/\/www.aniauczy.pl\/index.php?rest_route=\/wp\/v2\/pages\/125","targetHints":{"allow":["GET"]}}],"collection":[{"href":"https:\/\/www.aniauczy.pl\/index.php?rest_route=\/wp\/v2\/pages"}],"about":[{"href":"https:\/\/www.aniauczy.pl\/index.php?rest_route=\/wp\/v2\/types\/page"}],"author":[{"embeddable":true,"href":"https:\/\/www.aniauczy.pl\/index.php?rest_route=\/wp\/v2\/users\/1"}],"replies":[{"embeddable":true,"href":"https:\/\/www.aniauczy.pl\/index.php?rest_route=%2Fwp%2Fv2%2Fcomments&post=125"}],"version-history":[{"count":9,"href":"https:\/\/www.aniauczy.pl\/index.php?rest_route=\/wp\/v2\/pages\/125\/revisions"}],"predecessor-version":[{"id":697,"href":"https:\/\/www.aniauczy.pl\/index.php?rest_route=\/wp\/v2\/pages\/125\/revisions\/697"}],"wp:attachment":[{"href":"https:\/\/www.aniauczy.pl\/index.php?rest_route=%2Fwp%2Fv2%2Fmedia&parent=125"}],"curies":[{"name":"wp","href":"https:\/\/api.w.org\/{rel}","templated":true}]}}